{"id":1101,"date":"2025-06-04T10:06:46","date_gmt":"2025-06-04T10:06:46","guid":{"rendered":"https:\/\/www.estragyn.ca\/fr\/?page_id=1101"},"modified":"2025-06-06T06:48:55","modified_gmt":"2025-06-06T06:48:55","slug":"gate","status":"publish","type":"page","link":"https:\/\/www.estragyn.ca\/fr\/gate\/","title":{"rendered":"Gate"},"content":{"rendered":"<div class=\"leaf_img\"><img decoding=\"async\" src=\"https:\/\/www.estragyn.ca\/fr\/wp-content\/uploads\/2025\/06\/leaf.png\" alt=\"leaf\" class=\"gate_leaf alignright\" \/><\/div>\n<h2 class=\"heading\">Je suis un professionnel de la sant\u00e9 canadien.<\/h2>\n<form id=\"hcp-form__form\" class=\"hcp-form__form password_form\" action=\"https:\/\/www.estragyn.ca\/fr\/\" method=\"post\">\n<div class=\"form_gate\">\n<div class=\"rows\">\n<div class=\"col-6\">\nProvince ou territoire :<br \/>\n<select id=\"territory\" class=\"select\" name=\"territory\" required=\"\"><option value=\"\">S\u00e9lectionnez dans le menu d\u00e9roulant<\/option><option value=\"AB\">Alberta<\/option><option value=\"BC\">British Columbia<\/option><option value=\"MB\">Manitoba<\/option><option value=\"NB\">New Brunswick<\/option><option value=\"NL\">Newfoundland and Labrador<\/option><option value=\"NT\">Northwest Territories<\/option><option value=\"NS\">Nova Scotia<\/option><option value=\"NU\">Nunavut<\/option><option value=\"ON\">Ontario<\/option><option value=\"PE\">Prince Edward Island<\/option><option value=\"QC\">Quebec<\/option><option value=\"SK\">Saskatchewan<\/option><option value=\"YT\">Yukon<\/option><\/select>\n<\/div>\n<div class=\"col-6\">\nNo de permis d\u2019exercice du professionnel de la sant\u00e9 :<br \/>\n<input id=\"license\" class=\"text hcp-license\" name=\"license\" type=\"password\" required placeholder=\"saisir l\u2019information ici\">\n<\/div>\n<\/div>\n<div class=\"col-12 text-center\">\n<input id=\"saveForm\" class=\"button_submit\" name=\"submit\" type=\"submit\" value=\"SOUMETTRE\">\n<\/div>\n<\/div>\n<\/form>\n<div class=\"form_error_msg\">\n<p class=\"f22\">***Authentifiants non valides. Veuillez r\u00e9essayer.***<\/p>\n<p><button type=\"button\" class=\"sub_btn f22\" onclick=\"window.location.reload();\">Ok<\/button>\n<\/div>\n","protected":false},"excerpt":{"rendered":"<p>Je suis un professionnel de la sant\u00e9 canadien. Province ou territoire : S\u00e9lectionnez dans le menu d\u00e9roulantAlbertaBritish ColumbiaManitobaNew BrunswickNewfoundland and LabradorNorthwest TerritoriesNova ScotiaNunavutOntarioPrince Edward IslandQuebecSaskatchewanYukon No de permis d\u2019exercice du professionnel de la sant\u00e9 : ***Authentifiants non valides. Veuillez r\u00e9essayer.*** Ok<\/p>\n","protected":false},"author":1,"featured_media":0,"parent":0,"menu_order":0,"comment_status":"closed","ping_status":"closed","template":"","meta":{"footnotes":""},"class_list":["post-1101","page","type-page","status-publish","hentry"],"_links":{"self":[{"href":"https:\/\/www.estragyn.ca\/fr\/wp-json\/wp\/v2\/pages\/1101","targetHints":{"allow":["GET"]}}],"collection":[{"href":"https:\/\/www.estragyn.ca\/fr\/wp-json\/wp\/v2\/pages"}],"about":[{"href":"https:\/\/www.estragyn.ca\/fr\/wp-json\/wp\/v2\/types\/page"}],"author":[{"embeddable":true,"href":"https:\/\/www.estragyn.ca\/fr\/wp-json\/wp\/v2\/users\/1"}],"replies":[{"embeddable":true,"href":"https:\/\/www.estragyn.ca\/fr\/wp-json\/wp\/v2\/comments?post=1101"}],"version-history":[{"count":8,"href":"https:\/\/www.estragyn.ca\/fr\/wp-json\/wp\/v2\/pages\/1101\/revisions"}],"predecessor-version":[{"id":1111,"href":"https:\/\/www.estragyn.ca\/fr\/wp-json\/wp\/v2\/pages\/1101\/revisions\/1111"}],"wp:attachment":[{"href":"https:\/\/www.estragyn.ca\/fr\/wp-json\/wp\/v2\/media?parent=1101"}],"curies":[{"name":"wp","href":"https:\/\/api.w.org\/{rel}","templated":true}]}}