{"id":746,"date":"2017-09-14T17:58:01","date_gmt":"2017-09-14T17:58:01","guid":{"rendered":"https:\/\/www.estragyn.ca\/fr\/?page_id=746"},"modified":"2018-11-15T08:48:11","modified_gmt":"2018-11-15T08:48:11","slug":"doses","status":"publish","type":"page","link":"https:\/\/www.estragyn.ca\/fr\/doses\/","title":{"rendered":"Prise en compte des doses"},"content":{"rendered":"<div id=\"\" class=\" row\">\n<div class=\" col-md-6\" id=\"\" style=\"text-align:left;\">\n<h2 class=\"green\">Prise en compte des doses<\/h2>\n<ul>\n<li>La cr\u00e8me vaginale Estragyn est con\u00e7ue pour une utilisation \u00e0 court terme et devrait \u00eatre administr\u00e9e de fa\u00e7on cyclique (p. ex., trois semaines d\u2019application et une semaine sans dose)<\/sup><sup>1<\/sup><\/li>\n<li>La patiente peut choisir le moment de la journ\u00e9e qui lui convient le mieux pour commencer son traitemement. La r\u00e9p\u00e9tition des doses devrait prendre en compte le choix de la patiente et co\u00efncider avec ce moment de la journ\u00e9e<sup>1<\/sup><\/li>\n<li>La cr\u00e8me vaginale Estragyn devrait \u00eatre prescrite avec une dose appropri\u00e9e de progestatifs aux femmes dont l\u2019ut\u00e9rus est intact afin de pr\u00e9venir l\u2019hyperplasie et le carcinome de l\u2019endom\u00e8tre<sup>1<\/sup><\/li>\n<\/ul>\n<\/div><div class=\" col-md-6\" id=\"\" style=\"text-align:left;\">\n<p><img loading=\"lazy\" decoding=\"async\" src=\"https:\/\/www.estragyn.ca\/fr\/wp-content\/uploads\/2017\/09\/figleaf-392x450.png\" alt=\"\" width=\"225\" height=\"286\" class=\"alignnone size-medium wp-image-811\" \/><\/p>\n<\/div>\n<\/div>\n","protected":false},"excerpt":{"rendered":"","protected":false},"author":1,"featured_media":0,"parent":0,"menu_order":0,"comment_status":"closed","ping_status":"closed","template":"","meta":{"footnotes":""},"class_list":["post-746","page","type-page","status-publish","hentry"],"_links":{"self":[{"href":"https:\/\/www.estragyn.ca\/fr\/wp-json\/wp\/v2\/pages\/746","targetHints":{"allow":["GET"]}}],"collection":[{"href":"https:\/\/www.estragyn.ca\/fr\/wp-json\/wp\/v2\/pages"}],"about":[{"href":"https:\/\/www.estragyn.ca\/fr\/wp-json\/wp\/v2\/types\/page"}],"author":[{"embeddable":true,"href":"https:\/\/www.estragyn.ca\/fr\/wp-json\/wp\/v2\/users\/1"}],"replies":[{"embeddable":true,"href":"https:\/\/www.estragyn.ca\/fr\/wp-json\/wp\/v2\/comments?post=746"}],"version-history":[{"count":10,"href":"https:\/\/www.estragyn.ca\/fr\/wp-json\/wp\/v2\/pages\/746\/revisions"}],"predecessor-version":[{"id":961,"href":"https:\/\/www.estragyn.ca\/fr\/wp-json\/wp\/v2\/pages\/746\/revisions\/961"}],"wp:attachment":[{"href":"https:\/\/www.estragyn.ca\/fr\/wp-json\/wp\/v2\/media?parent=746"}],"curies":[{"name":"wp","href":"https:\/\/api.w.org\/{rel}","templated":true}]}}