{"id":769,"date":"2017-09-14T19:01:42","date_gmt":"2017-09-14T19:01:42","guid":{"rendered":"https:\/\/www.estragyn.ca\/fr\/?page_id=769"},"modified":"2023-09-16T14:15:24","modified_gmt":"2023-09-16T14:15:24","slug":"ressources","status":"publish","type":"page","link":"https:\/\/www.estragyn.ca\/fr\/ressources\/","title":{"rendered":"Ressources"},"content":{"rendered":"<h2 class=\"green\">Ressources<\/h2>\n<div class=\"row\">\n<div class=\"col-sm-12 text-center\">\n<div class=\"col-sm-4\"><a href=\"https:\/\/www.estragyn.ca\/fr\/wp-content\/uploads\/2017\/10\/Estragyn-Monographie-Produit-17aout16.pdf\"><img decoding=\"async\" class=\"alignnone size-full wp-image-855\" src=\"https:\/\/www.estragyn.ca\/fr\/wp-content\/uploads\/2017\/09\/product-mono-FR.png\" alt=\"\" width=\"300\" \/><\/a><br \/>\n<a href=\"https:\/\/www.estragyn.ca\/fr\/wp-content\/uploads\/2017\/10\/Estragyn-Monographie-Produit-17aout16.pdf\">Monographie de produit Estragyn cr\u00e8me vaginale<\/a><\/div>\n<div class=\"col-sm-4\"><a href=\"https:\/\/www.menopause.org\/docs\/default-source\/professional\/nams-2022-hormone-therapy-position-statement.pdf\"><img loading=\"lazy\" decoding=\"async\" class=\"alignnone wp-image-1059\" src=\"https:\/\/www.estragyn.ca\/fr\/wp-content\/uploads\/2023\/09\/Untitled-design-3.png\" alt=\"\" width=\"300\" height=\"340\" \/><\/a><br \/>\n<a href=\"https:\/\/www.menopause.org\/docs\/default-source\/professional\/nams-2022-hormone-therapy-position-statement.pdf\">Recommandations de la <i>North American Menopause Society <\/i>(NAMS), <i>Guidelines<\/i> (2022) <\/a><\/div>\n<div class=\"col-sm-4\"><a href=\"https:\/\/www.estragyn.ca\/fr\/wp-content\/uploads\/2018\/08\/SOGC_2014_FR.pdf\"><img decoding=\"async\" class=\"alignnone size-full wp-image-854\" src=\"https:\/\/www.estragyn.ca\/fr\/wp-content\/uploads\/2018\/08\/fr.png\" alt=\"\" width=\"300\" \/><\/a><br \/>\n<a href=\"https:\/\/www.estragyn.ca\/fr\/wp-content\/uploads\/2018\/08\/SOGC_2014_FR.pdf\">Recommandations de la Soci\u00e9t\u00e9 des obst\u00e9triciens et gyn\u00e9cologues du Canada (SOGC) <em>Clinical Practice Guideline<\/em> (2014)<\/a><\/div>\n<\/div>\n<\/div>\n","protected":false},"excerpt":{"rendered":"<p>Ressources Monographie de produit Estragyn cr\u00e8me vaginale Recommandations de la North American Menopause Society (NAMS), Guidelines (2022) Recommandations de la Soci\u00e9t\u00e9 des obst\u00e9triciens et gyn\u00e9cologues du Canada (SOGC) Clinical Practice Guideline (2014)<\/p>\n","protected":false},"author":1,"featured_media":0,"parent":0,"menu_order":0,"comment_status":"closed","ping_status":"closed","template":"","meta":{"footnotes":""},"class_list":["post-769","page","type-page","status-publish","hentry"],"_links":{"self":[{"href":"https:\/\/www.estragyn.ca\/fr\/wp-json\/wp\/v2\/pages\/769","targetHints":{"allow":["GET"]}}],"collection":[{"href":"https:\/\/www.estragyn.ca\/fr\/wp-json\/wp\/v2\/pages"}],"about":[{"href":"https:\/\/www.estragyn.ca\/fr\/wp-json\/wp\/v2\/types\/page"}],"author":[{"embeddable":true,"href":"https:\/\/www.estragyn.ca\/fr\/wp-json\/wp\/v2\/users\/1"}],"replies":[{"embeddable":true,"href":"https:\/\/www.estragyn.ca\/fr\/wp-json\/wp\/v2\/comments?post=769"}],"version-history":[{"count":27,"href":"https:\/\/www.estragyn.ca\/fr\/wp-json\/wp\/v2\/pages\/769\/revisions"}],"predecessor-version":[{"id":1063,"href":"https:\/\/www.estragyn.ca\/fr\/wp-json\/wp\/v2\/pages\/769\/revisions\/1063"}],"wp:attachment":[{"href":"https:\/\/www.estragyn.ca\/fr\/wp-json\/wp\/v2\/media?parent=769"}],"curies":[{"name":"wp","href":"https:\/\/api.w.org\/{rel}","templated":true}]}}