{"id":793,"date":"2017-09-14T21:30:53","date_gmt":"2017-09-14T21:30:53","guid":{"rendered":"https:\/\/www.estragyn.ca\/fr\/?page_id=793"},"modified":"2025-06-17T10:24:23","modified_gmt":"2025-06-17T10:24:23","slug":"home","status":"publish","type":"page","link":"https:\/\/www.estragyn.ca\/fr\/","title":{"rendered":"Accueil"},"content":{"rendered":"<div id=\"\" class=\" row\">\n<div class=\" col-md-3\" id=\"\" style=\"text-align:left;\">\u00a0<\/div><div class=\" col-md-6\" id=\"\" style=\"text-align:center;\">\n<p><img loading=\"lazy\" decoding=\"async\" class=\"aligncenter size-full wp-image-1077\" src=\"https:\/\/www.estragyn.ca\/fr\/wp-content\/uploads\/2024\/10\/Estragyn-fr.jpg\" alt=\"\" width=\"2046\" height=\"1830\" srcset=\"https:\/\/www.estragyn.ca\/fr\/wp-content\/uploads\/2024\/10\/Estragyn-fr.jpg 2046w, https:\/\/www.estragyn.ca\/fr\/wp-content\/uploads\/2024\/10\/Estragyn-fr-450x402.jpg 450w, https:\/\/www.estragyn.ca\/fr\/wp-content\/uploads\/2024\/10\/Estragyn-fr-1024x916.jpg 1024w, https:\/\/www.estragyn.ca\/fr\/wp-content\/uploads\/2024\/10\/Estragyn-fr-768x687.jpg 768w, https:\/\/www.estragyn.ca\/fr\/wp-content\/uploads\/2024\/10\/Estragyn-fr-1536x1374.jpg 1536w\" sizes=\"auto, (max-width: 2046px) 100vw, 2046px\" \/><br \/>\n<\/div><div class=\" col-md-3\" id=\"\" style=\"text-align:left;\">\u00a0<\/div><\/div>\n<h2 class=\"green\">Indication et utilisation clinique<\/h2>\n<div id=\"\" class=\" row\">\n<div class=\" col-md-6\" id=\"\" style=\"text-align:left;\">\n<p>La cr\u00e8me vaginale <sup>Pr<\/sup>Estragyn<sup>MC<\/sup> est indiqu\u00e9e pour <em>le traitement des sympt\u00f4mes de l\u2019atrophie vulvo-vaginale caus\u00e9s par une carence en \u0153strog\u00e8nes<\/em><sup>1<\/sup>.<\/p>\n<p>La cr\u00e8me vaginale Estragyn doit \u00eatre prescrite avec une dose appropri\u00e9e de progestatifs aux femmes ayant un ut\u00e9rus intact afin de pr\u00e9venir l\u2019hyperplasie et le carcinome de l\u2019endom\u00e8tre.<\/p>\n<p>La cr\u00e8me vaginale Estragyn est con\u00e7ue pour une utilisation \u00e0 court terme et n\u2019est pas indiqu\u00e9e chez les enfants (moins de 16 ans).<\/p>\n<div style=\"background-color: #7eb345; margin-top: 72px; margin-bottom: -12px; text-align: center;\">\n<p style=\"font-size: 125%; line-height: 125%; color: white; font-weight: bold; margin-bottom: 30px; padding: 9px 30px 9px 30px;\">L\u2019estrone contenue dans une cr\u00e8me vaginale est un \u0153strog\u00e8ne qui agit en se liant aux r\u00e9cepteurs \u0153strog\u00e9nosensibles des cellules qui tapissent le vagin*.<\/p>\n<\/div>\n<\/div><div class=\" col-md-6\" id=\"\" style=\"text-align:left;\">\n<p><a href=\"..\/estragyn\/safety\/\">Cliquez ici <\/a> pour obtenir plus de renseignements sur l\u2019innocuit\u00e9 du m\u00e9dicament et pour acc\u00e9der \u00e0 la monographie de produit qui d\u00e9taille :<\/p>\n<ul>\n<li>Les contre-indications au traitement comprennent les troubles h\u00e9patiques, le cancer de l\u2019endom\u00e8tre, l\u2019hyperplasie endom\u00e9triale, le cancer du sein confirm\u00e9 ou soup\u00e7onn\u00e9 ou des ant\u00e9c\u00e9dents de cancer du sein, les saignements g\u00e9nitaux anormaux non diagnostiqu\u00e9s, une grossesse confirm\u00e9e ou soup\u00e7onn\u00e9e, la pr\u00e9sence ou des ant\u00e9c\u00e9dents de tromboembolie art\u00e9rielle \u00e9volutive (p. ex., accident vasculaire c\u00e9r\u00e9bral, infarctus du myocarde, coronaropathie) ou de tromboembolie veineuse, la perte partielle ou compl\u00e8te de la vue caus\u00e9e par une affection vasculaire ophtalmique, la migraine classique et l\u2019allaitement. L\u2019huile min\u00e9rale qui se trouve dans la cr\u00e8me vaginale Estragyn n\u2019est pas compatible avec le caoutchouc au latex que l\u2019on retrouve dans la plupart des pr\u00e9servatifs.<\/li>\n<li>Les mises en garde et pr\u00e9cautions importantes incluent le risque d\u2019infarctus du myocarde (IM), d\u2019accident vasculaire c\u00e9r\u00e9bral, de cancer du sein invasif, d\u2019embolie pulmonaire et de thrombose veineuse profonde.<\/li>\n<li>Les autres mises en garde et pr\u00e9cautions pertinentes concernent le cancer du sein invasif, le cancer de l\u2019ovaire, la coronaropathie, la tension art\u00e9rielle \u00e9lev\u00e9e, les patients atteints d\u2019otospongiose, les m\u00e9tabolismes glucidique et lipidique, le m\u00e9tabolisme de l\u2019h\u00e8me, le m\u00e9tabolisme du calcium et du phosphore, l\u2019hypothyro\u00efdie, le l\u00e9iomyome ut\u00e9rin, l\u2019endom\u00e9triose, la chol\u00e9cystopathie, l\u2019h\u00e9mangiome h\u00e9patique, la jaunisse et l\u2019\u0153d\u00e8me de Quincke, le lupus \u00e9ryth\u00e9mateux syst\u00e9mique, la d\u00e9mence, l\u2019\u00e9pilepsie et la r\u00e9tention aqueuse. Des tests de fonction h\u00e9patique doivent \u00eatre effectu\u00e9s r\u00e9guli\u00e8rement.<\/li>\n<\/ul>\n<\/div>\n<\/div>\n*La signification clinique n\u2019a pas \u00e9t\u00e9 \u00e9tablie.<\/p>\n","protected":false},"excerpt":{"rendered":"<p>Indication et utilisation clinique *La signification clinique n\u2019a pas \u00e9t\u00e9 \u00e9tablie.<\/p>\n","protected":false},"author":1,"featured_media":0,"parent":0,"menu_order":0,"comment_status":"closed","ping_status":"closed","template":"","meta":{"footnotes":""},"class_list":["post-793","page","type-page","status-publish","hentry"],"_links":{"self":[{"href":"https:\/\/www.estragyn.ca\/fr\/wp-json\/wp\/v2\/pages\/793","targetHints":{"allow":["GET"]}}],"collection":[{"href":"https:\/\/www.estragyn.ca\/fr\/wp-json\/wp\/v2\/pages"}],"about":[{"href":"https:\/\/www.estragyn.ca\/fr\/wp-json\/wp\/v2\/types\/page"}],"author":[{"embeddable":true,"href":"https:\/\/www.estragyn.ca\/fr\/wp-json\/wp\/v2\/users\/1"}],"replies":[{"embeddable":true,"href":"https:\/\/www.estragyn.ca\/fr\/wp-json\/wp\/v2\/comments?post=793"}],"version-history":[{"count":16,"href":"https:\/\/www.estragyn.ca\/fr\/wp-json\/wp\/v2\/pages\/793\/revisions"}],"predecessor-version":[{"id":1078,"href":"https:\/\/www.estragyn.ca\/fr\/wp-json\/wp\/v2\/pages\/793\/revisions\/1078"}],"wp:attachment":[{"href":"https:\/\/www.estragyn.ca\/fr\/wp-json\/wp\/v2\/media?parent=793"}],"curies":[{"name":"wp","href":"https:\/\/api.w.org\/{rel}","templated":true}]}}