{"id":85,"date":"2017-06-28T01:02:18","date_gmt":"2017-06-28T01:02:18","guid":{"rendered":"https:\/\/www.estragyn.ca\/fr\/?page_id=85"},"modified":"2018-11-15T08:33:08","modified_gmt":"2018-11-15T08:33:08","slug":"symptomes-de-avv","status":"publish","type":"page","link":"https:\/\/www.estragyn.ca\/fr\/symptomes-de-avv\/","title":{"rendered":"Sympt\u00f4mes de l\u2019AVV"},"content":{"rendered":"<div id=\"\" class=\" row\">\n<div class=\" col-md-6\" id=\"\" style=\"text-align:left;\">\n<h2 class=\"green\">Sympt\u00f4mes de l\u2019AVV<\/h2>\n<p>Un sondage r\u00e9v\u00e8le que pr\u00e8s de 50 % des 500 participantes canadiennes souffrent de sympt\u00f4mes du syndrome de l\u2019AVV<sup>3&dagger;<\/sup>.<\/p>\n<p>Les sympt\u00f4mes rapport\u00e9s comprenaient :<\/p>\n<p><img loading=\"lazy\" decoding=\"async\" src=\"https:\/\/www.estragyn.ca\/fr\/wp-content\/uploads\/2017\/06\/EST16101_DA_F_m2-1-993x1024.png\" alt=\"\" width=\"993\" height=\"1024\" class=\"alignnone size-large wp-image-886\" srcset=\"https:\/\/www.estragyn.ca\/fr\/wp-content\/uploads\/2017\/06\/EST16101_DA_F_m2-1-993x1024.png 993w, https:\/\/www.estragyn.ca\/fr\/wp-content\/uploads\/2017\/06\/EST16101_DA_F_m2-1-436x450.png 436w, https:\/\/www.estragyn.ca\/fr\/wp-content\/uploads\/2017\/06\/EST16101_DA_F_m2-1-768x792.png 768w, https:\/\/www.estragyn.ca\/fr\/wp-content\/uploads\/2017\/06\/EST16101_DA_F_m2-1.png 1387w\" sizes=\"auto, (max-width: 993px) 100vw, 993px\" \/><\/p>\n<\/div><div class=\" col-md-6\" id=\"\" style=\"text-align:left;\">\n<h2 class=\"green\">&nbsp;<\/h2>\n<p>Selon un sondage international, seulement 25 % des femmes souffrant de sympt\u00f4mes du syndrome de l\u2019AVV recherchent de l\u2019aide m\u00e9dicale<sup>2<\/sup>.<\/p>\n<p style=\"text-align: center;\"><img decoding=\"async\" src=\"https:\/\/www.estragyn.ca\/fr\/wp-content\/uploads\/2017\/06\/femmes25-1024x441.png\" alt=\"\" width=\"75%\" height=\"75%\" class=\"alignnone size-large wp-image-887\" srcset=\"https:\/\/www.estragyn.ca\/fr\/wp-content\/uploads\/2017\/06\/femmes25-1024x441.png 1024w, https:\/\/www.estragyn.ca\/fr\/wp-content\/uploads\/2017\/06\/femmes25-450x194.png 450w, https:\/\/www.estragyn.ca\/fr\/wp-content\/uploads\/2017\/06\/femmes25-768x331.png 768w, https:\/\/www.estragyn.ca\/fr\/wp-content\/uploads\/2017\/06\/femmes25.png 1203w\" sizes=\"(max-width: 1024px) 100vw, 1024px\" \/><\/p>\n<\/div>\n<\/div>\n&dagger; Vaginal Health: Insights, Views and Attitudes Survey. L\u2019\u00e9tude comptait 3520 femmes, dont 500 participantes canadiennes m\u00e9nopaus\u00e9es. <\/p>\n","protected":false},"excerpt":{"rendered":"<p>&dagger; Vaginal Health: Insights, Views and Attitudes Survey. L\u2019\u00e9tude comptait 3520 femmes, dont 500 participantes canadiennes m\u00e9nopaus\u00e9es.<\/p>\n","protected":false},"author":1,"featured_media":0,"parent":0,"menu_order":0,"comment_status":"closed","ping_status":"closed","template":"","meta":{"footnotes":""},"class_list":["post-85","page","type-page","status-publish","hentry"],"_links":{"self":[{"href":"https:\/\/www.estragyn.ca\/fr\/wp-json\/wp\/v2\/pages\/85","targetHints":{"allow":["GET"]}}],"collection":[{"href":"https:\/\/www.estragyn.ca\/fr\/wp-json\/wp\/v2\/pages"}],"about":[{"href":"https:\/\/www.estragyn.ca\/fr\/wp-json\/wp\/v2\/types\/page"}],"author":[{"embeddable":true,"href":"https:\/\/www.estragyn.ca\/fr\/wp-json\/wp\/v2\/users\/1"}],"replies":[{"embeddable":true,"href":"https:\/\/www.estragyn.ca\/fr\/wp-json\/wp\/v2\/comments?post=85"}],"version-history":[{"count":44,"href":"https:\/\/www.estragyn.ca\/fr\/wp-json\/wp\/v2\/pages\/85\/revisions"}],"predecessor-version":[{"id":957,"href":"https:\/\/www.estragyn.ca\/fr\/wp-json\/wp\/v2\/pages\/85\/revisions\/957"}],"wp:attachment":[{"href":"https:\/\/www.estragyn.ca\/fr\/wp-json\/wp\/v2\/media?parent=85"}],"curies":[{"name":"wp","href":"https:\/\/api.w.org\/{rel}","templated":true}]}}