{"id":97,"date":"2017-06-28T00:46:44","date_gmt":"2017-06-28T00:46:44","guid":{"rendered":"https:\/\/www.estragyn.ca\/fr\/?page_id=97"},"modified":"2018-11-15T08:57:58","modified_gmt":"2018-11-15T08:57:58","slug":"faq","status":"publish","type":"page","link":"https:\/\/www.estragyn.ca\/fr\/faq\/","title":{"rendered":"FAQ"},"content":{"rendered":"<div id=\"\" class=\" row\">\n<div class=\" col-md-6\" id=\"\" style=\"text-align:left;\">\n<h2 class=\"green\">Avant d\u2019\u00eatre trait\u00e9e avec la cr\u00e8me vaginale Estragyn, la patiente doit subir : <\/h2>\n<ul>\n<li>un examen physique complet qui comprend la mesure de sa tension art\u00e9rielle; <\/li>\n<li>un examen des seins et un examen pelvien ad\u00e9quat;<\/li>\n<li>un test de Papanicolaou;<\/li>\n<li>une biopsie de l\u2019endom\u00e8tre seulement si les circonstances l\u2019indiquent; <\/li>\n<li>certains tests de base, notamment une mammographie, une mesure de la glyc\u00e9mie et des taux sanguins de calcium, de triglyc\u00e9rides et de cholest\u00e9rol ainsi que l\u2019\u00e9valuation des fonctions h\u00e9patiques.<\/li>\n<\/ul>\n<div style=\"background-color: #7eb345; margin-top: 24px; margin-bottom: -12px; text-align: center\">\n<p style=\"font-size: 125%; line-height: 125%; color: white; font-weight: bold; padding-left: 18px; padding-right: 18px; padding-top: 9px; padding-bottom: 9px; margin-bottom: 30px;\">Le m\u00e9decin devrait \u00e9galement discuter avec la patiente de l\u2019importance d\u2019un auto-examen r\u00e9gulier des seins<\/p>\n<\/div>\n<h4>Examen de suivi : <\/h4>\n<ul>\n<li>Le premier examen de suivi devrait \u00eatre fait dans les trois \u00e0 six mois suivant le d\u00e9but du traitement<\/li>\n<li>Les examens devraient \u00eatre faits \u00e0 intervalles r\u00e9guliers au moins une fois par ann\u00e9e. <\/li>\n<\/ul>\n<h4>Les ingr\u00e9dients non m\u00e9dicinaux de la cr\u00e8me vaginale Estragyn sont :<\/h4>\n<p>Arlacel 165, myristate d\u2019isopropyle, m\u00e9thylparab\u00e8ne, huile min\u00e9rale, st\u00e9arate du PEG-40, propylparab\u00e8ne, monost\u00e9arate de sorbitanne, acide st\u00e9arique, et l&#8217;eau. <\/p>\n<\/div><div class=\" col-md-6\" id=\"\" style=\"text-align:left;\">\n<h2 class=\"white\">Xxx<\/h2>\n<h4>La cr\u00e8me vaginale Estragyn n\u2019est pas recommand\u00e9e chez : <\/h4>\n<ul>\n<li><strong>Les femmes enceintes : <\/strong> la cr\u00e8me vaginale Estragyn ne devrait pas \u00eatre administr\u00e9e \u00e0 des femmes enceintes (voir CONTRE-INDICATIONS)\n<li><strong>Les femmes qui allaitent : <\/strong> la cr\u00e8me vaginale Estragyn ne devrait pas \u00eatre utilis\u00e9e pendant la lactation (voir CONTRE-INDICATIONS)<\/li>\n<li><strong>Les enfants (moins de 16 ans)<\/strong> : la cr\u00e8me vaginale Estragyn est contre-indiqu\u00e9e pour les enfants de moins de 16 ans.<\/li>\n<\/ul>\n<h4>Restrictions alimentaires :<\/h4>\n<ul>\n<li>Les patientes devraient \u00e9viter de consommer du jus de pamplemousse, un inhibiteur de la CYP3A4, qui peut accro\u00eetre le taux plasmatique d\u2019\u0153strog\u00e8nes et potentiellement entra\u00eener des effets ind\u00e9sirables.<\/li>\n<li>Les patientes devraient \u00e9viter une consommation abusive d\u2019alcool durant une HTS au risque d\u2019une hausse de la concentration d\u2019estradiol circulant dans le sang. <\/li>\n<li>Les patientes devraient \u00e9viter certains produits \u00e0 base d\u2019herbes m\u00e9dicinales (p. ex. le millepertuis commun) offert en vente libre, car ces produits pourraient nuire au m\u00e9tabolisme des st\u00e9ro\u00efdes et alt\u00e9rer l\u2019efficacit\u00e9 et l\u2019innocuit\u00e9 des produits \u00e0 base d\u2019\u0153strog\u00e8nes et de progestatifs. <\/li>\n<\/ul>\n<div style=\"background-color: #7eb345; margin-top: 24px; margin-bottom: -12px; text-align: center\">\n<p style=\"font-size: 125%; line-height: 125%; color: white; font-weight: bold; padding-left: 18px; padding-right: 18px; padding-top: 9px; padding-bottom: 9px; margin-bottom: 30px;\">Renseignez-vous sur les produits en vente libre, y compris sur les produits \u00e0 base d\u2019herbes m\u00e9dicinales et les produits naturels que vos patientes prennent en m\u00eame temps que leur utilisation de la cr\u00e8me vaginale Estragyn<\/p>\n<\/div>\n<\/div>\n<\/div>\n","protected":false},"excerpt":{"rendered":"","protected":false},"author":1,"featured_media":0,"parent":0,"menu_order":0,"comment_status":"closed","ping_status":"closed","template":"","meta":{"footnotes":""},"class_list":["post-97","page","type-page","status-publish","hentry"],"_links":{"self":[{"href":"https:\/\/www.estragyn.ca\/fr\/wp-json\/wp\/v2\/pages\/97","targetHints":{"allow":["GET"]}}],"collection":[{"href":"https:\/\/www.estragyn.ca\/fr\/wp-json\/wp\/v2\/pages"}],"about":[{"href":"https:\/\/www.estragyn.ca\/fr\/wp-json\/wp\/v2\/types\/page"}],"author":[{"embeddable":true,"href":"https:\/\/www.estragyn.ca\/fr\/wp-json\/wp\/v2\/users\/1"}],"replies":[{"embeddable":true,"href":"https:\/\/www.estragyn.ca\/fr\/wp-json\/wp\/v2\/comments?post=97"}],"version-history":[{"count":28,"href":"https:\/\/www.estragyn.ca\/fr\/wp-json\/wp\/v2\/pages\/97\/revisions"}],"predecessor-version":[{"id":665,"href":"https:\/\/www.estragyn.ca\/fr\/wp-json\/wp\/v2\/pages\/97\/revisions\/665"}],"wp:attachment":[{"href":"https:\/\/www.estragyn.ca\/fr\/wp-json\/wp\/v2\/media?parent=97"}],"curies":[{"name":"wp","href":"https:\/\/api.w.org\/{rel}","templated":true}]}}